{"id":191,"date":"2026-01-06T18:15:23","date_gmt":"2026-01-06T17:15:23","guid":{"rendered":"https:\/\/brugab.bplaced.net\/kroatien\/?page_id=191"},"modified":"2026-01-06T18:15:23","modified_gmt":"2026-01-06T17:15:23","slug":"istrien-ein-wundervoller-ort","status":"publish","type":"page","link":"https:\/\/brugab.bplaced.net\/kroatien\/istrien-ein-wundervoller-ort\/","title":{"rendered":"Istrien &#8211; Ein wundervoller Ort"},"content":{"rendered":"\n<div class=\"wp-block-cover alignfull has-parallax\"><div class=\"wp-block-cover__image-background wp-image-123 size-large has-parallax\" style=\"background-position:50% 50%;background-image:url(https:\/\/brugab.bplaced.net\/kroatien\/wp-content\/uploads\/2025\/11\/kueste-1-1024x536.jpg)\"><\/div><span aria-hidden=\"true\" class=\"wp-block-cover__background has-background-dim\" style=\"background-color:#6c769c\"><\/span><div class=\"wp-block-cover__inner-container has-global-padding is-layout-constrained wp-block-cover-is-layout-constrained\">\n<p class=\"has-text-align-center has-large-font-size\">Entdeckte die wundervolle Welt Istriens<\/p>\n<\/div><\/div>\n\n\n\n<div class=\"wp-block-group alignfull is-style-section-1 has-global-padding is-layout-constrained wp-block-group-is-layout-constrained is-style-section-1--1\" style=\"margin-top:0;margin-bottom:0;padding-top:var(--wp--preset--spacing--60);padding-bottom:var(--wp--preset--spacing--60)\">\n<div class=\"wp-block-columns alignwide is-layout-flex wp-container-core-columns-is-layout-643ced6b wp-block-columns-is-layout-flex\">\n<div class=\"wp-block-column is-layout-flow wp-block-column-is-layout-flow\" style=\"flex-basis:40%\">\n<figure class=\"wp-block-image size-large\"><img loading=\"lazy\" decoding=\"async\" width=\"1024\" height=\"683\" src=\"https:\/\/brugab.bplaced.net\/kroatien\/wp-content\/uploads\/2025\/11\/zadar-1024x683.jpg\" alt=\"\" class=\"wp-image-131\" srcset=\"https:\/\/brugab.bplaced.net\/kroatien\/wp-content\/uploads\/2025\/11\/zadar-1024x683.jpg 1024w, https:\/\/brugab.bplaced.net\/kroatien\/wp-content\/uploads\/2025\/11\/zadar-300x200.jpg 300w, https:\/\/brugab.bplaced.net\/kroatien\/wp-content\/uploads\/2025\/11\/zadar-768x512.jpg 768w, https:\/\/brugab.bplaced.net\/kroatien\/wp-content\/uploads\/2025\/11\/zadar-1536x1024.jpg 1536w, https:\/\/brugab.bplaced.net\/kroatien\/wp-content\/uploads\/2025\/11\/zadar-2048x1366.jpg 2048w\" sizes=\"auto, (max-width: 1024px) 100vw, 1024px\" \/><\/figure>\n<\/div>\n\n\n\n<div class=\"wp-block-column is-vertically-aligned-center is-layout-flow wp-container-core-column-is-layout-119bc444 wp-block-column-is-layout-flow\" style=\"flex-basis:60%\">\n<h2 class=\"wp-block-heading has-xx-large-font-size\">Eine Stadt voller Kultur<\/h2>\n\n\n\n<p>Geschichten, Expertenanalysen und bildhafte Beschreibungen. The Stories Podcast erweckt Geschichte zum Leben und macht sie f\u00fcr ein weltweites Publikum zug\u00e4nglich und interessant.<\/p>\n\n\n\n<div class=\"wp-block-group is-vertical is-layout-flex wp-container-core-group-is-layout-41e20069 wp-block-group-is-layout-flex\">\n<h3 class=\"wp-block-heading has-small-font-size\" style=\"font-style:normal;font-weight:600;letter-spacing:1px;text-transform:uppercase\">Entdecke Mehr \u00fcber Kroatien<\/h3>\n\n\n\n<div class=\"wp-block-group is-layout-flex wp-block-group-is-layout-flex\">\n<p class=\"is-style-text-annotation is-style-text-annotation--2\"><a href=\"https:\/\/brugab.bplaced.net\/kroatien\/kuestenregion-kroatiens\/\" data-type=\"page\" data-id=\"172\">K\u00fcstenregion Kroatiens<\/a><\/p>\n\n\n\n<p class=\"is-style-text-annotation is-style-text-annotation--3\"><a href=\"https:\/\/brugab.bplaced.net\/kroatien\/tourismus-in-kroatien\/\" data-type=\"page\" data-id=\"176\">Tourismus in Kroatien<\/a><\/p>\n<\/div>\n<\/div>\n<\/div>\n<\/div>\n<\/div>\n\n\n\n<div class=\"wp-block-group alignfull is-style-default has-global-padding is-layout-constrained wp-block-group-is-layout-constrained\" style=\"margin-top:0;margin-bottom:0;padding-top:var(--wp--preset--spacing--50);padding-bottom:var(--wp--preset--spacing--50)\">\n<div class=\"wp-block-columns alignwide is-layout-flex wp-container-core-columns-is-layout-7ee84d44 wp-block-columns-is-layout-flex\">\n<div class=\"wp-block-column is-vertically-aligned-center is-layout-flow wp-block-column-is-layout-flow\" style=\"flex-basis:50%\">\n<h2 class=\"wp-block-heading\">Istrien &#8211; Geografie<\/h2>\n\n\n\n<p class=\"has-medium-font-size\">Die Veranstaltung findet an einem Wochenende statt und besteht aus einer Reihe von Ausstellungen, Workshops und Podiumsdiskussionen. Die Ausstellungen zeigen eine kuratierte Auswahl von Fotografien, die fesselnde Geschichten aus verschiedenen Teilen der Welt erz\u00e4hlen. Jedes Bild wird von ausf\u00fchrlichen Erz\u00e4hlungen begleitet, die den Kontext und tiefere Einblicke in die historische Bedeutung der abgebildeten Szenen liefern. Die Fotografien stammen aus den Archiven renommierter Fotografen und aufstrebender Talente, so dass eine Mischung aus klassischen und zeitgen\u00f6ssischen Perspektiven entsteht.<\/p>\n<\/div>\n\n\n\n<div class=\"wp-block-column is-vertically-aligned-top is-layout-flow wp-block-column-is-layout-flow\" style=\"padding-right:var(--wp--preset--spacing--40);padding-left:var(--wp--preset--spacing--40)\">\n<figure class=\"wp-block-image size-full has-custom-border\" style=\"margin-right:var(--wp--preset--spacing--70)\"><img loading=\"lazy\" decoding=\"async\" width=\"1160\" height=\"649\" src=\"https:\/\/brugab.bplaced.net\/kroatien\/wp-content\/uploads\/2026\/01\/Karte-Istrien.jpg\" alt=\"\" class=\"wp-image-204\" style=\"border-width:3px;border-top-left-radius:61px;border-top-right-radius:61px;border-bottom-left-radius:61px;border-bottom-right-radius:61px;aspect-ratio:1;object-fit:cover\" srcset=\"https:\/\/brugab.bplaced.net\/kroatien\/wp-content\/uploads\/2026\/01\/Karte-Istrien.jpg 1160w, https:\/\/brugab.bplaced.net\/kroatien\/wp-content\/uploads\/2026\/01\/Karte-Istrien-300x168.jpg 300w, https:\/\/brugab.bplaced.net\/kroatien\/wp-content\/uploads\/2026\/01\/Karte-Istrien-1024x573.jpg 1024w, https:\/\/brugab.bplaced.net\/kroatien\/wp-content\/uploads\/2026\/01\/Karte-Istrien-768x430.jpg 768w\" sizes=\"auto, (max-width: 1160px) 100vw, 1160px\" \/><\/figure>\n\n\n\n<div class=\"wp-block-group has-global-padding is-content-justification-center is-layout-constrained wp-container-core-group-is-layout-363a84df wp-block-group-is-layout-constrained\" style=\"margin-top:-5vw;padding-right:0;padding-left:12vw\">\n<figure class=\"wp-block-image size-medium is-resized has-custom-border\" style=\"margin-right:-8vw;margin-left:-8vw\"><img loading=\"lazy\" decoding=\"async\" width=\"300\" height=\"150\" src=\"https:\/\/brugab.bplaced.net\/kroatien\/wp-content\/uploads\/2025\/11\/fahne-1-300x150.png\" alt=\"\" class=\"wp-image-119\" style=\"border-width:5px;border-top-left-radius:0px;border-top-right-radius:0px;border-bottom-left-radius:0px;border-bottom-right-radius:0px;width:250px\" srcset=\"https:\/\/brugab.bplaced.net\/kroatien\/wp-content\/uploads\/2025\/11\/fahne-1-300x150.png 300w, https:\/\/brugab.bplaced.net\/kroatien\/wp-content\/uploads\/2025\/11\/fahne-1-1024x512.png 1024w, https:\/\/brugab.bplaced.net\/kroatien\/wp-content\/uploads\/2025\/11\/fahne-1-768x384.png 768w, https:\/\/brugab.bplaced.net\/kroatien\/wp-content\/uploads\/2025\/11\/fahne-1-1536x768.png 1536w, https:\/\/brugab.bplaced.net\/kroatien\/wp-content\/uploads\/2025\/11\/fahne-1-2048x1024.png 2048w, https:\/\/brugab.bplaced.net\/kroatien\/wp-content\/uploads\/2025\/11\/fahne-1-200x100.png 200w\" sizes=\"auto, (max-width: 300px) 100vw, 300px\" \/><\/figure>\n<\/div>\n<\/div>\n<\/div>\n<\/div>\n\n\n\n<div class=\"wp-block-group alignfull is-style-section-1 has-global-padding is-layout-constrained wp-block-group-is-layout-constrained is-style-section-1--4\">\n<div style=\"height:33px\" aria-hidden=\"true\" class=\"wp-block-spacer\"><\/div>\n\n\n\n<div class=\"wp-block-columns alignwide is-layout-flex wp-container-core-columns-is-layout-28f84493 wp-block-columns-is-layout-flex\">\n<div class=\"wp-block-column is-layout-flow wp-block-column-is-layout-flow\">\n<figure class=\"wp-block-image size-full\"><img loading=\"lazy\" decoding=\"async\" width=\"667\" height=\"500\" src=\"https:\/\/brugab.bplaced.net\/kroatien\/wp-content\/uploads\/2026\/01\/Ort-edited.jpg\" alt=\"\" class=\"wp-image-210\" style=\"object-fit:cover\" srcset=\"https:\/\/brugab.bplaced.net\/kroatien\/wp-content\/uploads\/2026\/01\/Ort-edited.jpg 667w, https:\/\/brugab.bplaced.net\/kroatien\/wp-content\/uploads\/2026\/01\/Ort-edited-300x225.jpg 300w\" sizes=\"auto, (max-width: 667px) 100vw, 667px\" \/><\/figure>\n<\/div>\n\n\n\n<div class=\"wp-block-column is-layout-flow wp-block-column-is-layout-flow\">\n<h2 class=\"wp-block-heading has-text-align-center has-large-font-size\"><strong>Ein Ort zum Entdecken<\/strong><\/h2>\n\n\n\n<p>Istrien liegt am Nordrand der Adriatischen Platte, die auch bei der Entstehung der umgebenden Gebirge, n\u00e4mlich der\u00a0<a href=\"https:\/\/de.wikipedia.org\/wiki\/Alpen\">Alpen<\/a>, des\u00a0<a href=\"https:\/\/de.wikipedia.org\/wiki\/Apennin\">Apennin<\/a>\u00a0und der\u00a0<a href=\"https:\/\/de.wikipedia.org\/wiki\/Dinarisches_Gebirge\">Dinariden<\/a>\u00a0eine zentrale Rolle spielte. Diese Gebirgszonen entstanden bei der Kollision mit dem Eurasischen Kontinent<\/p>\n<\/div>\n\n\n\n<div class=\"wp-block-column is-layout-flow wp-block-column-is-layout-flow\" style=\"padding-left:0\">\n<h2 class=\"wp-block-heading has-text-align-center has-large-font-size\"><strong>Reisetipps<\/strong><\/h2>\n\n\n\n<div class=\"wp-block-group has-global-padding is-layout-constrained wp-container-core-group-is-layout-79971806 wp-block-group-is-layout-constrained\" style=\"padding-left:var(--wp--preset--spacing--70)\">\n<ul class=\"wp-block-list\">\n<li>Fr\u00fch Buchen<\/li>\n\n\n\n<li>August und Mai<\/li>\n\n\n\n<li>Stadtbesuch<\/li>\n\n\n\n<li>Genie\u00dfen<\/li>\n<\/ul>\n<\/div>\n<\/div>\n<\/div>\n\n\n\n<div style=\"height:45px\" aria-hidden=\"true\" class=\"wp-block-spacer\"><\/div>\n<\/div>\n\n\n\n<aside class=\"wp-block-group alignfull is-style-section-3 has-global-padding is-layout-constrained wp-container-core-group-is-layout-f0f2a97b wp-block-group-is-layout-constrained is-style-section-3--5\" style=\"margin-top:0;margin-bottom:0;padding-top:var(--wp--preset--spacing--50);padding-right:var(--wp--preset--spacing--50);padding-bottom:var(--wp--preset--spacing--50);padding-left:var(--wp--preset--spacing--50)\">\n<div class=\"wp-block-group is-vertical is-content-justification-center is-layout-flex wp-container-core-group-is-layout-8778ca4a wp-block-group-is-layout-flex\" style=\"min-height:360px;margin-top:0;margin-bottom:0\">\n<h2 class=\"wp-block-heading has-text-align-center has-xx-large-font-size\">Istrien &#8211; ein perfekter Urlaub<\/h2>\n\n\n\n<p class=\"has-text-align-center is-style-text-subtitle is-style-text-subtitle--6\">Buche jetzt deinen Urlaub nach Istrien um die wundervolle Welt der Str\u00e4nde und Meere zu sehen<\/p>\n\n\n\n<div style=\"height:0px\" aria-hidden=\"true\" class=\"wp-block-spacer wp-container-content-62aae154\"><\/div>\n\n\n\n<div class=\"wp-block-buttons is-content-justification-center is-layout-flex wp-container-core-buttons-is-layout-a89b3969 wp-block-buttons-is-layout-flex\">\n<div class=\"wp-block-button\"><a class=\"wp-block-button__link has-text-align-center wp-element-button\">Jetzt Buchen<\/a><\/div>\n<\/div>\n<\/div>\n<\/aside>\n","protected":false},"excerpt":{"rendered":"<p>Eine Stadt voller Kultur Geschichten, Expertenanalysen und bildhafte Beschreibungen. The Stories Podcast erweckt Geschichte zum Leben und macht sie f\u00fcr ein weltweites Publikum zug\u00e4nglich und interessant. Entdecke Mehr \u00fcber Kroatien K\u00fcstenregion Kroatiens Tourismus in Kroatien Istrien &#8211; Geografie Die Veranstaltung findet an einem Wochenende statt und besteht aus einer Reihe von Ausstellungen, Workshops und Podiumsdiskussionen. [&hellip;]<\/p>\n","protected":false},"author":1,"featured_media":0,"parent":0,"menu_order":0,"comment_status":"closed","ping_status":"closed","template":"","meta":{"footnotes":""},"class_list":["post-191","page","type-page","status-publish","hentry"],"_links":{"self":[{"href":"https:\/\/brugab.bplaced.net\/kroatien\/wp-json\/wp\/v2\/pages\/191","targetHints":{"allow":["GET"]}}],"collection":[{"href":"https:\/\/brugab.bplaced.net\/kroatien\/wp-json\/wp\/v2\/pages"}],"about":[{"href":"https:\/\/brugab.bplaced.net\/kroatien\/wp-json\/wp\/v2\/types\/page"}],"author":[{"embeddable":true,"href":"https:\/\/brugab.bplaced.net\/kroatien\/wp-json\/wp\/v2\/users\/1"}],"replies":[{"embeddable":true,"href":"https:\/\/brugab.bplaced.net\/kroatien\/wp-json\/wp\/v2\/comments?post=191"}],"version-history":[{"count":7,"href":"https:\/\/brugab.bplaced.net\/kroatien\/wp-json\/wp\/v2\/pages\/191\/revisions"}],"predecessor-version":[{"id":227,"href":"https:\/\/brugab.bplaced.net\/kroatien\/wp-json\/wp\/v2\/pages\/191\/revisions\/227"}],"wp:attachment":[{"href":"https:\/\/brugab.bplaced.net\/kroatien\/wp-json\/wp\/v2\/media?parent=191"}],"curies":[{"name":"wp","href":"https:\/\/api.w.org\/{rel}","templated":true}]}}